{"id":1171,"date":"2022-11-29T13:34:41","date_gmt":"2022-11-29T13:34:41","guid":{"rendered":"https:\/\/foodobox.com\/politica-de-cookie-uri\/"},"modified":"2023-01-06T08:32:14","modified_gmt":"2023-01-06T08:32:14","slug":"politica-de-cookie-uri","status":"publish","type":"page","link":"https:\/\/foodobox.com\/ro\/politica-de-cookie-uri\/","title":{"rendered":"Politica de cookie-uri"},"content":{"rendered":"\t\t<div data-elementor-type=\"wp-page\" data-elementor-id=\"1171\" class=\"elementor elementor-1171 elementor-207\">\n\t\t\t\t\t\t\t\t\t<section class=\"elementor-section elementor-top-section elementor-element elementor-element-5867c92 elementor-section-boxed elementor-section-height-default elementor-section-height-default\" data-id=\"5867c92\" data-element_type=\"section\">\n\t\t\t\t\t\t<div class=\"elementor-container elementor-column-gap-default\">\n\t\t\t\t\t<div class=\"elementor-column elementor-col-100 elementor-top-column elementor-element elementor-element-4b04295\" data-id=\"4b04295\" data-element_type=\"column\">\n\t\t\t<div class=\"elementor-widget-wrap elementor-element-populated\">\n\t\t\t\t\t\t\t\t<div class=\"elementor-element elementor-element-434bda0 elementor-widget elementor-widget-heading\" data-id=\"434bda0\" data-element_type=\"widget\" data-widget_type=\"heading.default\">\n\t\t\t\t<div class=\"elementor-widget-container\">\n\t\t\t<style>\/*! elementor - v3.12.1 - 02-04-2023 *\/\n.elementor-heading-title{padding:0;margin:0;line-height:1}.elementor-widget-heading .elementor-heading-title[class*=elementor-size-]>a{color:inherit;font-size:inherit;line-height:inherit}.elementor-widget-heading .elementor-heading-title.elementor-size-small{font-size:15px}.elementor-widget-heading .elementor-heading-title.elementor-size-medium{font-size:19px}.elementor-widget-heading .elementor-heading-title.elementor-size-large{font-size:29px}.elementor-widget-heading .elementor-heading-title.elementor-size-xl{font-size:39px}.elementor-widget-heading .elementor-heading-title.elementor-size-xxl{font-size:59px}<\/style><h2 class=\"elementor-heading-title elementor-size-default\">Politica cookies ai FoodObox (Bulgaria) EOOD<\/h2>\t\t<\/div>\n\t\t\t\t<\/div>\n\t\t\t\t\t<\/div>\n\t\t<\/div>\n\t\t\t\t\t\t\t<\/div>\n\t\t<\/section>\n\t\t\t\t<section class=\"elementor-section elementor-top-section elementor-element elementor-element-97db40 elementor-section-boxed elementor-section-height-default elementor-section-height-default\" data-id=\"97db40\" data-element_type=\"section\">\n\t\t\t\t\t\t<div class=\"elementor-container elementor-column-gap-default\">\n\t\t\t\t\t<div class=\"elementor-column elementor-col-100 elementor-top-column elementor-element elementor-element-4b86a457\" data-id=\"4b86a457\" data-element_type=\"column\">\n\t\t\t<div class=\"elementor-widget-wrap elementor-element-populated\">\n\t\t\t\t\t\t\t\t<div class=\"elementor-element elementor-element-2b481b86 elementor-widget elementor-widget-text-editor\" data-id=\"2b481b86\" data-element_type=\"widget\" data-widget_type=\"text-editor.default\">\n\t\t\t\t<div class=\"elementor-widget-container\">\n\t\t\t<style>\/*! elementor - v3.12.1 - 02-04-2023 *\/\n.elementor-widget-text-editor.elementor-drop-cap-view-stacked .elementor-drop-cap{background-color:#69727d;color:#fff}.elementor-widget-text-editor.elementor-drop-cap-view-framed .elementor-drop-cap{color:#69727d;border:3px solid;background-color:transparent}.elementor-widget-text-editor:not(.elementor-drop-cap-view-default) .elementor-drop-cap{margin-top:8px}.elementor-widget-text-editor:not(.elementor-drop-cap-view-default) .elementor-drop-cap-letter{width:1em;height:1em}.elementor-widget-text-editor .elementor-drop-cap{float:left;text-align:center;line-height:1;font-size:50px}.elementor-widget-text-editor .elementor-drop-cap-letter{display:inline-block}<\/style>\t\t\t\t<p><strong>De ce folosim cookie-uri?<\/strong><\/p><p>Acest site folose\u0219te cookie-uri, ceea ce ne permite s\u0103 v\u0103 \u00eembun\u0103t\u0103\u021bim serviciile \u0219i s\u0103 v\u0103 oferim anumite func\u021bii care v\u0103 pot fi utile. Folosim cookie-uri pentru a v\u0103 \u00eembun\u0103t\u0103\u021bi experien\u021ba utilizatorului pe site-ul nostru.<\/p><p><strong>Ce sunt cookie-urile?<\/strong><\/p><p>Cookie-urile sunt mici fi\u0219iere text care sunt trimise browserului dumneavoastr\u0103 de pe un server web, stocate pe un computer \u0219i\/sau alt dispozitiv, utilizate pentru a identifica utilizatorul \u0219i\/sau dispozitivul \u0219i pentru a colecta informa\u021bii. Cookie-urile sunt de obicei asociate cu mai multe categorii \u00een func\u021bie de func\u021bionalitatea \u0219i scopul lor.<\/p><p><strong><em>Cookie-urile nu pot deteriora fi\u0219ierele dumneavoastr\u0103 \u0219i\/sau cre\u0219te riscul apari\u021biei viru\u0219ilor pe computerul dumneavoastr\u0103!<\/em><\/strong><\/p><p><strong>Tipuri de cookie-uri utilizate pe site-ul nostru:<\/strong><\/p><p><strong>Pe Site-ul nostru folosim doar \u201ecookie-uri\u201d obligatorii\u00a0<\/strong>\u2013 acestea sunt necesare pentru func\u021bionarea Site-ului \u0219i nu pot fi excluse \u00een sistemele noastre. F\u0103r\u0103 aceste cookie-uri, nu am fi \u00een m\u0103sur\u0103 s\u0103 v\u0103 oferim anumite servicii sau caracteristici pe care le-a\u021bi solicitat, iar Site-ul nostru nu va func\u021biona f\u0103r\u0103 probleme \u0219i eficient pentru dvs. a\u0219a cum ne-am dori.<strong>.<\/strong><\/p><p><strong>Folosim cookie-uri obligatorii, care stocheaz\u0103 informa\u021bii despre dac\u0103 un utilizator este conectat la contul s\u0103u, iar aceasta nu include p\u0103strarea parolei sale, ci doar adresa de e-mail cu care s-a autentificat, precum \u0219i numele s\u0103u de utilizator.\u00a0<\/strong><\/p><p><strong>Informa\u021biile sunt stocate numai \u00een timp ce utilizatorul este conectat la contul s\u0103u. Dup\u0103 dezabonare prin ap\u0103sarea butonului \u201eIe\u0219ire\u201d, \u201ecookie-urile\u201d obligatorii \u0219i informa\u021biile stocate \u00een acestea sunt \u0219terse.<\/strong><\/p><p>Bif\u00e2nd \u201eAccept cookie-urile\u201d sau \u201eSunt de acord cu cookie-urile\u201d, declara\u021bi c\u0103 sunte\u021bi familiarizat \u0219i sunte\u021bi de acord s\u0103 utiliza\u021bi toate \u201ecookie-urile\u201d, a\u0219a cum este descris \u00een aceast\u0103 Politic\u0103 privind cookie-urile.<\/p><p>Pentru a afla mai multe despre cookie-uri, v\u0103 recomand\u0103m s\u0103 vizita\u021bi:\u00a0<a href=\"http:\/\/www.aboutcookies.org\/\" target=\"_blank\" rel=\"noreferrer noopener\">www.aboutcookies.org<\/a>,\u00a0<a href=\"http:\/\/www.whatarecookies.com\/\" target=\"_blank\" rel=\"noreferrer noopener\">www.whatarecookies.com<\/a>\u00a0sau\u00a0<a href=\"http:\/\/www.cookiechoices.org\/\" target=\"_blank\" rel=\"noreferrer noopener\">www.cookiechoices.org<\/a>.<\/p><p>Dac\u0103 ave\u021bi \u00eentreb\u0103ri sau ave\u021bi nevoie de informa\u021bii suplimentare, v\u0103 rug\u0103m s\u0103 ne contacta\u021bi prin formularul nostru de contact disponibil pe Site sau la urm\u0103toarea adres\u0103 de e-mail: info [ @ ] foodobox.com<\/p>\t\t\t\t\t\t<\/div>\n\t\t\t\t<\/div>\n\t\t\t\t\t<\/div>\n\t\t<\/div>\n\t\t\t\t\t\t\t<\/div>\n\t\t<\/section>\n\t\t\t\t\t\t\t<\/div>\n\t\t","protected":false},"excerpt":{"rendered":"<p>Politica cookies ai FoodObox (Bulgaria) EOOD De ce folosim cookie-uri? Acest site folose\u0219te cookie-uri, ceea ce ne permite s\u0103 v\u0103 \u00eembun\u0103t\u0103\u021bim serviciile \u0219i s\u0103 v\u0103 oferim anumite func\u021bii care v\u0103 pot fi utile. Folosim cookie-uri pentru a v\u0103 \u00eembun\u0103t\u0103\u021bi experien\u021ba utilizatorului pe site-ul nostru. Ce sunt cookie-urile? Cookie-urile sunt mici fi\u0219iere text care sunt trimise [&hellip;]<\/p>\n","protected":false},"author":1,"featured_media":0,"parent":0,"menu_order":0,"comment_status":"closed","ping_status":"closed","template":"","meta":{"content-type":"","footnotes":""},"class_list":["post-1171","page","type-page","status-publish","hentry"],"acf":[],"yoast_head":"<!-- This site is optimized with the Yoast SEO plugin v19.14 - https:\/\/yoast.com\/wordpress\/plugins\/seo\/ -->\n<title>Politica de cookie-uri - FoodObox<\/title>\n<meta name=\"robots\" content=\"index, follow, max-snippet:-1, max-image-preview:large, max-video-preview:-1\" \/>\n<link rel=\"canonical\" href=\"https:\/\/foodobox.com\/ro\/politica-de-cookie-uri\/\" \/>\n<meta property=\"og:locale\" content=\"ro_RO\" \/>\n<meta property=\"og:type\" content=\"article\" \/>\n<meta property=\"og:title\" content=\"Politica de cookie-uri - FoodObox\" \/>\n<meta property=\"og:description\" content=\"Politica cookies ai FoodObox (Bulgaria) EOOD De ce folosim cookie-uri? Acest site folose\u0219te cookie-uri, ceea ce ne permite s\u0103 v\u0103 \u00eembun\u0103t\u0103\u021bim serviciile \u0219i s\u0103 v\u0103 oferim anumite func\u021bii care v\u0103 pot fi utile. Folosim cookie-uri pentru a v\u0103 \u00eembun\u0103t\u0103\u021bi experien\u021ba utilizatorului pe site-ul nostru. Ce sunt cookie-urile? Cookie-urile sunt mici fi\u0219iere text care sunt trimise [&hellip;]\" \/>\n<meta property=\"og:url\" content=\"https:\/\/foodobox.com\/ro\/politica-de-cookie-uri\/\" \/>\n<meta property=\"og:site_name\" content=\"FoodObox\" \/>\n<meta property=\"article:modified_time\" content=\"2023-01-06T08:32:14+00:00\" \/>\n<meta name=\"twitter:card\" content=\"summary_large_image\" \/>\n<meta name=\"twitter:label1\" content=\"Timp estimat pentru citire\" \/>\n\t<meta name=\"twitter:data1\" content=\"2 minute\" \/>\n<script type=\"application\/ld+json\" class=\"yoast-schema-graph\">{\"@context\":\"https:\/\/schema.org\",\"@graph\":[{\"@type\":\"WebPage\",\"@id\":\"https:\/\/foodobox.com\/ro\/politica-de-cookie-uri\/\",\"url\":\"https:\/\/foodobox.com\/ro\/politica-de-cookie-uri\/\",\"name\":\"Politica de cookie-uri - FoodObox\",\"isPartOf\":{\"@id\":\"https:\/\/new.foodobox.com\/ro\/#website\"},\"datePublished\":\"2022-11-29T13:34:41+00:00\",\"dateModified\":\"2023-01-06T08:32:14+00:00\",\"breadcrumb\":{\"@id\":\"https:\/\/foodobox.com\/ro\/politica-de-cookie-uri\/#breadcrumb\"},\"inLanguage\":\"ro-RO\",\"potentialAction\":[{\"@type\":\"ReadAction\",\"target\":[\"https:\/\/foodobox.com\/ro\/politica-de-cookie-uri\/\"]}]},{\"@type\":\"BreadcrumbList\",\"@id\":\"https:\/\/foodobox.com\/ro\/politica-de-cookie-uri\/#breadcrumb\",\"itemListElement\":[{\"@type\":\"ListItem\",\"position\":1,\"name\":\"Home\",\"item\":\"https:\/\/foodobox.com\/ro\/\"},{\"@type\":\"ListItem\",\"position\":2,\"name\":\"Politica de cookie-uri\"}]},{\"@type\":\"WebSite\",\"@id\":\"https:\/\/new.foodobox.com\/ro\/#website\",\"url\":\"https:\/\/new.foodobox.com\/ro\/\",\"name\":\"FoodObox\",\"description\":\"App that Saves Food\",\"publisher\":{\"@id\":\"https:\/\/new.foodobox.com\/ro\/#organization\"},\"potentialAction\":[{\"@type\":\"SearchAction\",\"target\":{\"@type\":\"EntryPoint\",\"urlTemplate\":\"https:\/\/new.foodobox.com\/ro\/?s={search_term_string}\"},\"query-input\":\"required name=search_term_string\"}],\"inLanguage\":\"ro-RO\"},{\"@type\":\"Organization\",\"@id\":\"https:\/\/new.foodobox.com\/ro\/#organization\",\"name\":\"FoodObox\",\"url\":\"https:\/\/new.foodobox.com\/ro\/\",\"logo\":{\"@type\":\"ImageObject\",\"inLanguage\":\"ro-RO\",\"@id\":\"https:\/\/new.foodobox.com\/ro\/#\/schema\/logo\/image\/\",\"url\":\"https:\/\/foodobox.com\/wp-content\/uploads\/2022\/11\/foodObox-primary-1-1-e1653648785529.png\",\"contentUrl\":\"https:\/\/foodobox.com\/wp-content\/uploads\/2022\/11\/foodObox-primary-1-1-e1653648785529.png\",\"width\":150,\"height\":54,\"caption\":\"FoodObox\"},\"image\":{\"@id\":\"https:\/\/new.foodobox.com\/ro\/#\/schema\/logo\/image\/\"}}]}<\/script>\n<!-- \/ Yoast SEO plugin. -->","yoast_head_json":{"title":"Politica de cookie-uri - FoodObox","robots":{"index":"index","follow":"follow","max-snippet":"max-snippet:-1","max-image-preview":"max-image-preview:large","max-video-preview":"max-video-preview:-1"},"canonical":"https:\/\/foodobox.com\/ro\/politica-de-cookie-uri\/","og_locale":"ro_RO","og_type":"article","og_title":"Politica de cookie-uri - FoodObox","og_description":"Politica cookies ai FoodObox (Bulgaria) EOOD De ce folosim cookie-uri? Acest site folose\u0219te cookie-uri, ceea ce ne permite s\u0103 v\u0103 \u00eembun\u0103t\u0103\u021bim serviciile \u0219i s\u0103 v\u0103 oferim anumite func\u021bii care v\u0103 pot fi utile. Folosim cookie-uri pentru a v\u0103 \u00eembun\u0103t\u0103\u021bi experien\u021ba utilizatorului pe site-ul nostru. Ce sunt cookie-urile? Cookie-urile sunt mici fi\u0219iere text care sunt trimise [&hellip;]","og_url":"https:\/\/foodobox.com\/ro\/politica-de-cookie-uri\/","og_site_name":"FoodObox","article_modified_time":"2023-01-06T08:32:14+00:00","twitter_card":"summary_large_image","twitter_misc":{"Timp estimat pentru citire":"2 minute"},"schema":{"@context":"https:\/\/schema.org","@graph":[{"@type":"WebPage","@id":"https:\/\/foodobox.com\/ro\/politica-de-cookie-uri\/","url":"https:\/\/foodobox.com\/ro\/politica-de-cookie-uri\/","name":"Politica de cookie-uri - FoodObox","isPartOf":{"@id":"https:\/\/new.foodobox.com\/ro\/#website"},"datePublished":"2022-11-29T13:34:41+00:00","dateModified":"2023-01-06T08:32:14+00:00","breadcrumb":{"@id":"https:\/\/foodobox.com\/ro\/politica-de-cookie-uri\/#breadcrumb"},"inLanguage":"ro-RO","potentialAction":[{"@type":"ReadAction","target":["https:\/\/foodobox.com\/ro\/politica-de-cookie-uri\/"]}]},{"@type":"BreadcrumbList","@id":"https:\/\/foodobox.com\/ro\/politica-de-cookie-uri\/#breadcrumb","itemListElement":[{"@type":"ListItem","position":1,"name":"Home","item":"https:\/\/foodobox.com\/ro\/"},{"@type":"ListItem","position":2,"name":"Politica de cookie-uri"}]},{"@type":"WebSite","@id":"https:\/\/new.foodobox.com\/ro\/#website","url":"https:\/\/new.foodobox.com\/ro\/","name":"FoodObox","description":"App that Saves Food","publisher":{"@id":"https:\/\/new.foodobox.com\/ro\/#organization"},"potentialAction":[{"@type":"SearchAction","target":{"@type":"EntryPoint","urlTemplate":"https:\/\/new.foodobox.com\/ro\/?s={search_term_string}"},"query-input":"required name=search_term_string"}],"inLanguage":"ro-RO"},{"@type":"Organization","@id":"https:\/\/new.foodobox.com\/ro\/#organization","name":"FoodObox","url":"https:\/\/new.foodobox.com\/ro\/","logo":{"@type":"ImageObject","inLanguage":"ro-RO","@id":"https:\/\/new.foodobox.com\/ro\/#\/schema\/logo\/image\/","url":"https:\/\/foodobox.com\/wp-content\/uploads\/2022\/11\/foodObox-primary-1-1-e1653648785529.png","contentUrl":"https:\/\/foodobox.com\/wp-content\/uploads\/2022\/11\/foodObox-primary-1-1-e1653648785529.png","width":150,"height":54,"caption":"FoodObox"},"image":{"@id":"https:\/\/new.foodobox.com\/ro\/#\/schema\/logo\/image\/"}}]}},"_links":{"self":[{"href":"https:\/\/foodobox.com\/ro\/wp-json\/wp\/v2\/pages\/1171","targetHints":{"allow":["GET"]}}],"collection":[{"href":"https:\/\/foodobox.com\/ro\/wp-json\/wp\/v2\/pages"}],"about":[{"href":"https:\/\/foodobox.com\/ro\/wp-json\/wp\/v2\/types\/page"}],"author":[{"embeddable":true,"href":"https:\/\/foodobox.com\/ro\/wp-json\/wp\/v2\/users\/1"}],"replies":[{"embeddable":true,"href":"https:\/\/foodobox.com\/ro\/wp-json\/wp\/v2\/comments?post=1171"}],"version-history":[{"count":3,"href":"https:\/\/foodobox.com\/ro\/wp-json\/wp\/v2\/pages\/1171\/revisions"}],"predecessor-version":[{"id":1177,"href":"https:\/\/foodobox.com\/ro\/wp-json\/wp\/v2\/pages\/1171\/revisions\/1177"}],"wp:attachment":[{"href":"https:\/\/foodobox.com\/ro\/wp-json\/wp\/v2\/media?parent=1171"}],"curies":[{"name":"wp","href":"https:\/\/api.w.org\/{rel}","templated":true}]}}