{"id":375,"date":"2022-11-16T16:07:44","date_gmt":"2022-11-16T16:07:44","guid":{"rendered":"https:\/\/foodobox.com\/parteneri\/"},"modified":"2023-08-25T08:42:22","modified_gmt":"2023-08-25T08:42:22","slug":"pentru-afaceri","status":"publish","type":"page","link":"https:\/\/foodobox.com\/ro\/pentru-afaceri\/","title":{"rendered":"Pentru Afaceri"},"content":{"rendered":"\t\t<div data-elementor-type=\"wp-page\" data-elementor-id=\"375\" class=\"elementor elementor-375 elementor-21\">\n\t\t\t\t\t\t\t\t\t<section class=\"elementor-section elementor-top-section elementor-element elementor-element-fa23286 elementor-section-height-min-height elementor-section-boxed elementor-section-height-default elementor-section-items-middle\" data-id=\"fa23286\" data-element_type=\"section\" data-settings=\"{&quot;background_background&quot;:&quot;classic&quot;}\">\n\t\t\t\t\t\t<div class=\"elementor-container elementor-column-gap-default\">\n\t\t\t\t\t<div class=\"elementor-column elementor-col-100 elementor-top-column elementor-element elementor-element-9ded48e\" data-id=\"9ded48e\" data-element_type=\"column\">\n\t\t\t<div class=\"elementor-widget-wrap elementor-element-populated\">\n\t\t\t\t\t\t\t\t<div class=\"elementor-element elementor-element-24d1268 elementor-widget elementor-widget-heading\" data-id=\"24d1268\" data-element_type=\"widget\" data-widget_type=\"heading.default\">\n\t\t\t\t<div class=\"elementor-widget-container\">\n\t\t\t<style>\/*! elementor - v3.12.1 - 02-04-2023 *\/\n.elementor-heading-title{padding:0;margin:0;line-height:1}.elementor-widget-heading .elementor-heading-title[class*=elementor-size-]>a{color:inherit;font-size:inherit;line-height:inherit}.elementor-widget-heading .elementor-heading-title.elementor-size-small{font-size:15px}.elementor-widget-heading .elementor-heading-title.elementor-size-medium{font-size:19px}.elementor-widget-heading .elementor-heading-title.elementor-size-large{font-size:29px}.elementor-widget-heading .elementor-heading-title.elementor-size-xl{font-size:39px}.elementor-widget-heading .elementor-heading-title.elementor-size-xxl{font-size:59px}<\/style><h1 class=\"elementor-heading-title elementor-size-default\">\u00ceNREGISTREAZ\u0102 AFACEREA<\/h1>\t\t<\/div>\n\t\t\t\t<\/div>\n\t\t\t\t<div class=\"elementor-element elementor-element-ab46c4d elementor-widget elementor-widget-text-editor\" data-id=\"ab46c4d\" data-element_type=\"widget\" data-widget_type=\"text-editor.default\">\n\t\t\t\t<div class=\"elementor-widget-container\">\n\t\t\t<style>\/*! elementor - v3.12.1 - 02-04-2023 *\/\n.elementor-widget-text-editor.elementor-drop-cap-view-stacked .elementor-drop-cap{background-color:#69727d;color:#fff}.elementor-widget-text-editor.elementor-drop-cap-view-framed .elementor-drop-cap{color:#69727d;border:3px solid;background-color:transparent}.elementor-widget-text-editor:not(.elementor-drop-cap-view-default) .elementor-drop-cap{margin-top:8px}.elementor-widget-text-editor:not(.elementor-drop-cap-view-default) .elementor-drop-cap-letter{width:1em;height:1em}.elementor-widget-text-editor .elementor-drop-cap{float:left;text-align:center;line-height:1;font-size:50px}.elementor-widget-text-editor .elementor-drop-cap-letter{display:inline-block}<\/style>\t\t\t\t<p>M\u0103re\u0219te veniturile<\/p>\t\t\t\t\t\t<\/div>\n\t\t\t\t<\/div>\n\t\t\t\t<section class=\"elementor-section elementor-inner-section elementor-element elementor-element-6431b60 elementor-section-boxed elementor-section-height-default elementor-section-height-default\" data-id=\"6431b60\" data-element_type=\"section\">\n\t\t\t\t\t\t<div class=\"elementor-container elementor-column-gap-default\">\n\t\t\t\t\t<div class=\"elementor-column elementor-col-100 elementor-inner-column elementor-element elementor-element-135f17b\" data-id=\"135f17b\" data-element_type=\"column\">\n\t\t\t<div class=\"elementor-widget-wrap elementor-element-populated\">\n\t\t\t\t\t\t\t\t<div class=\"elementor-element elementor-element-6850a43 elementor-align-center elementor-widget elementor-widget-button\" data-id=\"6850a43\" data-element_type=\"widget\" data-widget_type=\"button.default\">\n\t\t\t\t<div class=\"elementor-widget-container\">\n\t\t\t\t\t<div class=\"elementor-button-wrapper\">\n\t\t\t<a href=\"https:\/\/admin.foodobox.com\/#\/register?lang=ro\" class=\"elementor-button-link elementor-button elementor-size-md\" role=\"button\">\n\t\t\t\t\t\t<span class=\"elementor-button-content-wrapper\">\n\t\t\t\t\t\t\t<span class=\"elementor-button-icon elementor-align-icon-left\">\n\t\t\t\t<i aria-hidden=\"true\" class=\"fas fa-external-link-alt\"><\/i>\t\t\t<\/span>\n\t\t\t\t\t\t<span class=\"elementor-button-text\">\u00ceNREGISTREAZ\u0102 AFACEREA<\/span>\n\t\t<\/span>\n\t\t\t\t\t<\/a>\n\t\t<\/div>\n\t\t\t\t<\/div>\n\t\t\t\t<\/div>\n\t\t\t\t\t<\/div>\n\t\t<\/div>\n\t\t\t\t\t\t\t<\/div>\n\t\t<\/section>\n\t\t\t\t\t<\/div>\n\t\t<\/div>\n\t\t\t\t\t\t\t<\/div>\n\t\t<\/section>\n\t\t\t\t<section class=\"elementor-section elementor-top-section elementor-element elementor-element-bb46a63 elementor-section-boxed elementor-section-height-default elementor-section-height-default\" data-id=\"bb46a63\" data-element_type=\"section\">\n\t\t\t\t\t\t<div class=\"elementor-container elementor-column-gap-default\">\n\t\t\t\t\t<div class=\"elementor-column elementor-col-33 elementor-top-column elementor-element elementor-element-049001f\" data-id=\"049001f\" data-element_type=\"column\">\n\t\t\t<div class=\"elementor-widget-wrap elementor-element-populated\">\n\t\t\t\t\t\t\t\t<div class=\"elementor-element elementor-element-cf8422b elementor-view-default elementor-mobile-position-top elementor-vertical-align-top elementor-widget elementor-widget-icon-box\" data-id=\"cf8422b\" data-element_type=\"widget\" data-widget_type=\"icon-box.default\">\n\t\t\t\t<div class=\"elementor-widget-container\">\n\t\t\t<link rel=\"stylesheet\" href=\"https:\/\/foodobox.com\/wp-content\/plugins\/elementor\/assets\/css\/widget-icon-box.min.css\">\t\t<div class=\"elementor-icon-box-wrapper\">\n\t\t\t\t\t\t<div class=\"elementor-icon-box-icon\">\n\t\t\t\t<span class=\"elementor-icon elementor-animation-\" >\n\t\t\t\t<i aria-hidden=\"true\" class=\"fas fa-handshake\"><\/i>\t\t\t\t<\/span>\n\t\t\t<\/div>\n\t\t\t\t\t\t<div class=\"elementor-icon-box-content\">\n\t\t\t\t<h3 class=\"elementor-icon-box-title\">\n\t\t\t\t\t<span  >\n\t\t\t\t\t\tAtrage\u021bi clien\u021bi noi\t\t\t\t\t<\/span>\n\t\t\t\t<\/h3>\n\t\t\t\t\t\t\t\t\t<p class=\"elementor-icon-box-description\">\n\t\t\t\t\t\t\"Ob\u021bine\u021bi acces la o re\u021bea de 60.000 de poten\u021biali clien\u021bi dornici s\u0103 descopere magazinul dvs. Cu fiecare cutie salvat\u0103, clien\u021bii vin personal la magazinul dvs. F\u0103r\u0103 livrare.\t\t\t\t\t<\/p>\n\t\t\t\t\t\t\t<\/div>\n\t\t<\/div>\n\t\t\t\t<\/div>\n\t\t\t\t<\/div>\n\t\t\t\t<div class=\"elementor-element elementor-element-02e785f elementor-view-default elementor-mobile-position-top elementor-vertical-align-top elementor-widget elementor-widget-icon-box\" data-id=\"02e785f\" data-element_type=\"widget\" data-widget_type=\"icon-box.default\">\n\t\t\t\t<div class=\"elementor-widget-container\">\n\t\t\t\t\t<div class=\"elementor-icon-box-wrapper\">\n\t\t\t\t\t\t<div class=\"elementor-icon-box-icon\">\n\t\t\t\t<span class=\"elementor-icon elementor-animation-\" >\n\t\t\t\t<i aria-hidden=\"true\" class=\"fas fa-hamburger\"><\/i>\t\t\t\t<\/span>\n\t\t\t<\/div>\n\t\t\t\t\t\t<div class=\"elementor-icon-box-content\">\n\t\t\t\t<h3 class=\"elementor-icon-box-title\">\n\t\t\t\t\t<span  >\n\t\t\t\t\t\tPrelua\u021bi controlul asupra surplusului alimentar\t\t\t\t\t<\/span>\n\t\t\t\t<\/h3>\n\t\t\t\t\t\t\t\t\t<p class=\"elementor-icon-box-description\">\n\t\t\t\t\t\tSunte\u021bi liber s\u0103 decide\u021bi c\u00e2te cutii de alimente dori\u021bi s\u0103 oferi\u021bi \u00een fiecare zi, \u00een ce zile ale s\u0103pt\u0103m\u00e2nii \u0219i \u00een ce interval de timp.\t\t\t\t\t<\/p>\n\t\t\t\t\t\t\t<\/div>\n\t\t<\/div>\n\t\t\t\t<\/div>\n\t\t\t\t<\/div>\n\t\t\t\t\t<\/div>\n\t\t<\/div>\n\t\t\t\t<div class=\"elementor-column elementor-col-33 elementor-top-column elementor-element elementor-element-1119cb4\" data-id=\"1119cb4\" data-element_type=\"column\">\n\t\t\t<div class=\"elementor-widget-wrap elementor-element-populated\">\n\t\t\t\t\t\t\t\t<div class=\"elementor-element elementor-element-bf50b47 elementor-widget elementor-widget-image\" data-id=\"bf50b47\" data-element_type=\"widget\" data-widget_type=\"image.default\">\n\t\t\t\t<div class=\"elementor-widget-container\">\n\t\t\t<style>\/*! elementor - v3.12.1 - 02-04-2023 *\/\n.elementor-widget-image{text-align:center}.elementor-widget-image a{display:inline-block}.elementor-widget-image a img[src$=\".svg\"]{width:48px}.elementor-widget-image img{vertical-align:middle;display:inline-block}<\/style>\t\t\t\t\t\t\t\t\t\t\t\t<img loading=\"lazy\" decoding=\"async\" width=\"399\" height=\"540\" src=\"https:\/\/foodobox.com\/wp-content\/uploads\/2022\/11\/2__1_-removebg-preview.webp\" class=\"attachment-full size-full wp-image-333\" alt=\"\" srcset=\"https:\/\/foodobox.com\/wp-content\/uploads\/2022\/11\/2__1_-removebg-preview.webp 399w, https:\/\/foodobox.com\/wp-content\/uploads\/2022\/11\/2__1_-removebg-preview-222x300.webp 222w\" sizes=\"auto, (max-width: 399px) 100vw, 399px\" \/>\t\t\t\t\t\t\t\t\t\t\t\t\t\t\t<\/div>\n\t\t\t\t<\/div>\n\t\t\t\t\t<\/div>\n\t\t<\/div>\n\t\t\t\t<div class=\"elementor-column elementor-col-33 elementor-top-column elementor-element elementor-element-d29960b\" data-id=\"d29960b\" data-element_type=\"column\">\n\t\t\t<div class=\"elementor-widget-wrap elementor-element-populated\">\n\t\t\t\t\t\t\t\t<div class=\"elementor-element elementor-element-6c528dc elementor-view-default elementor-mobile-position-top elementor-vertical-align-top elementor-widget elementor-widget-icon-box\" data-id=\"6c528dc\" data-element_type=\"widget\" data-widget_type=\"icon-box.default\">\n\t\t\t\t<div class=\"elementor-widget-container\">\n\t\t\t\t\t<div class=\"elementor-icon-box-wrapper\">\n\t\t\t\t\t\t<div class=\"elementor-icon-box-icon\">\n\t\t\t\t<span class=\"elementor-icon elementor-animation-\" >\n\t\t\t\t<i aria-hidden=\"true\" class=\"far fa-lightbulb\"><\/i>\t\t\t\t<\/span>\n\t\t\t<\/div>\n\t\t\t\t\t\t<div class=\"elementor-icon-box-content\">\n\t\t\t\t<h3 class=\"elementor-icon-box-title\">\n\t\t\t\t\t<span  >\n\t\t\t\t\t\tCSR Marketing\u200b\t\t\t\t\t<\/span>\n\t\t\t\t<\/h3>\n\t\t\t\t\t\t\t\t\t<p class=\"elementor-icon-box-description\">\n\t\t\t\t\t\tFii parte din misiunea noastr\u0103 pentru un impact social pozitiv. Fii partenerul nostru pentru a amplifica eforturile tale de marketing, aliniindu-te cu o marc\u0103 social responsabil\u0103.\t\t\t\t\t<\/p>\n\t\t\t\t\t\t\t<\/div>\n\t\t<\/div>\n\t\t\t\t<\/div>\n\t\t\t\t<\/div>\n\t\t\t\t<div class=\"elementor-element elementor-element-06ce50c elementor-view-default elementor-mobile-position-top elementor-vertical-align-top elementor-widget elementor-widget-icon-box\" data-id=\"06ce50c\" data-element_type=\"widget\" data-widget_type=\"icon-box.default\">\n\t\t\t\t<div class=\"elementor-widget-container\">\n\t\t\t\t\t<div class=\"elementor-icon-box-wrapper\">\n\t\t\t\t\t\t<div class=\"elementor-icon-box-icon\">\n\t\t\t\t<span class=\"elementor-icon elementor-animation-\" >\n\t\t\t\t<i aria-hidden=\"true\" class=\"far fa-chart-bar\"><\/i>\t\t\t\t<\/span>\n\t\t\t<\/div>\n\t\t\t\t\t\t<div class=\"elementor-icon-box-content\">\n\t\t\t\t<h3 class=\"elementor-icon-box-title\">\n\t\t\t\t\t<span  >\n\t\t\t\t\t\tExcedentul devine venit\t\t\t\t\t<\/span>\n\t\t\t\t<\/h3>\n\t\t\t\t\t\t\t\t\t<p class=\"elementor-icon-box-description\">\n\t\t\t\t\t\tReduce\u021bi cheltuielile inutile prin v\u00e2nzarea produselor excedentare la un pre\u021b redus de cel pu\u021bin 40%.\t\t\t\t\t<\/p>\n\t\t\t\t\t\t\t<\/div>\n\t\t<\/div>\n\t\t\t\t<\/div>\n\t\t\t\t<\/div>\n\t\t\t\t\t<\/div>\n\t\t<\/div>\n\t\t\t\t\t\t\t<\/div>\n\t\t<\/section>\n\t\t\t\t<section class=\"elementor-section elementor-top-section elementor-element elementor-element-1092bcb elementor-section-boxed elementor-section-height-default elementor-section-height-default\" data-id=\"1092bcb\" data-element_type=\"section\">\n\t\t\t\t\t\t<div class=\"elementor-container elementor-column-gap-default\">\n\t\t\t\t\t<div class=\"elementor-column elementor-col-100 elementor-top-column elementor-element elementor-element-4dae00a\" data-id=\"4dae00a\" data-element_type=\"column\">\n\t\t\t<div class=\"elementor-widget-wrap elementor-element-populated\">\n\t\t\t\t\t\t\t\t<div class=\"elementor-element elementor-element-1cb97db elementor-widget elementor-widget-heading\" data-id=\"1cb97db\" data-element_type=\"widget\" data-widget_type=\"heading.default\">\n\t\t\t\t<div class=\"elementor-widget-container\">\n\t\t\t<h2 class=\"elementor-heading-title elementor-size-default\">AL\u0102TURA\u021aI-V\u0102 MI\u0218C\u0102RII NOASTRE<\/h2>\t\t<\/div>\n\t\t\t\t<\/div>\n\t\t\t\t<div class=\"elementor-element elementor-element-e67cd3e elementor-widget elementor-widget-image\" data-id=\"e67cd3e\" data-element_type=\"widget\" data-widget_type=\"image.default\">\n\t\t\t\t<div class=\"elementor-widget-container\">\n\t\t\t\t\t\t\t\t\t\t\t\t\t\t\t<img loading=\"lazy\" decoding=\"async\" width=\"2560\" height=\"1440\" src=\"https:\/\/foodobox.com\/wp-content\/uploads\/2023\/08\/IMG102-1-scaled.jpg\" class=\"attachment-full size-full wp-image-3844\" alt=\"\" srcset=\"https:\/\/foodobox.com\/wp-content\/uploads\/2023\/08\/IMG102-1-scaled.jpg 2560w, https:\/\/foodobox.com\/wp-content\/uploads\/2023\/08\/IMG102-1-300x169.jpg 300w, https:\/\/foodobox.com\/wp-content\/uploads\/2023\/08\/IMG102-1-1024x576.jpg 1024w, https:\/\/foodobox.com\/wp-content\/uploads\/2023\/08\/IMG102-1-768x432.jpg 768w, https:\/\/foodobox.com\/wp-content\/uploads\/2023\/08\/IMG102-1-1536x864.jpg 1536w, https:\/\/foodobox.com\/wp-content\/uploads\/2023\/08\/IMG102-1-2048x1152.jpg 2048w\" sizes=\"auto, (max-width: 2560px) 100vw, 2560px\" \/>\t\t\t\t\t\t\t\t\t\t\t\t\t\t\t<\/div>\n\t\t\t\t<\/div>\n\t\t\t\t\t<\/div>\n\t\t<\/div>\n\t\t\t\t\t\t\t<\/div>\n\t\t<\/section>\n\t\t\t\t<section class=\"elementor-section elementor-top-section elementor-element elementor-element-b31d895 elementor-section-boxed elementor-section-height-default elementor-section-height-default\" data-id=\"b31d895\" data-element_type=\"section\">\n\t\t\t\t\t\t<div class=\"elementor-container elementor-column-gap-default\">\n\t\t\t\t\t<div class=\"elementor-column elementor-col-100 elementor-top-column elementor-element elementor-element-ae4a2a1\" data-id=\"ae4a2a1\" data-element_type=\"column\">\n\t\t\t<div class=\"elementor-widget-wrap elementor-element-populated\">\n\t\t\t\t\t\t\t\t<div class=\"elementor-element elementor-element-5d0bb08 elementor-widget elementor-widget-heading\" data-id=\"5d0bb08\" data-element_type=\"widget\" data-widget_type=\"heading.default\">\n\t\t\t\t<div class=\"elementor-widget-container\">\n\t\t\t<h2 class=\"elementor-heading-title elementor-size-default\">AVE\u021aI \u00ceNTREB\u0102RI?<\/h2>\t\t<\/div>\n\t\t\t\t<\/div>\n\t\t\t\t<div class=\"elementor-element elementor-element-7651109 elementor-align-center elementor-widget elementor-widget-button\" data-id=\"7651109\" data-element_type=\"widget\" data-widget_type=\"button.default\">\n\t\t\t\t<div class=\"elementor-widget-container\">\n\t\t\t\t\t<div class=\"elementor-button-wrapper\">\n\t\t\t<a href=\"https:\/\/foodobox.com\/ro\/intrebari-frecvente-parteneri\/\" class=\"elementor-button-link elementor-button elementor-size-xl\" role=\"button\">\n\t\t\t\t\t\t<span class=\"elementor-button-content-wrapper\">\n\t\t\t\t\t\t<span class=\"elementor-button-text\">\u00centreb\u0103ri Frecvente - Parteneri<\/span>\n\t\t<\/span>\n\t\t\t\t\t<\/a>\n\t\t<\/div>\n\t\t\t\t<\/div>\n\t\t\t\t<\/div>\n\t\t\t\t\t<\/div>\n\t\t<\/div>\n\t\t\t\t\t\t\t<\/div>\n\t\t<\/section>\n\t\t\t\t\t\t\t<\/div>\n\t\t","protected":false},"excerpt":{"rendered":"<p>\u00ceNREGISTREAZ\u0102 AFACEREA M\u0103re\u0219te veniturile \u00ceNREGISTREAZ\u0102 AFACEREA Atrage\u021bi clien\u021bi noi &#8222;Ob\u021bine\u021bi acces la o re\u021bea de 60.000 de poten\u021biali clien\u021bi dornici s\u0103 descopere magazinul dvs. Cu fiecare cutie salvat\u0103, clien\u021bii vin personal la magazinul dvs. F\u0103r\u0103 livrare. Prelua\u021bi controlul asupra surplusului alimentar Sunte\u021bi liber s\u0103 decide\u021bi c\u00e2te cutii de alimente dori\u021bi s\u0103 oferi\u021bi \u00een fiecare zi, [&hellip;]<\/p>\n","protected":false},"author":1,"featured_media":0,"parent":0,"menu_order":0,"comment_status":"closed","ping_status":"closed","template":"","meta":{"content-type":"","footnotes":""},"class_list":["post-375","page","type-page","status-publish","hentry"],"acf":[],"yoast_head":"<!-- This site is optimized with the Yoast SEO plugin v19.14 - https:\/\/yoast.com\/wordpress\/plugins\/seo\/ -->\n<title>Pentru Afaceri - FoodObox<\/title>\n<meta name=\"robots\" content=\"index, follow, max-snippet:-1, max-image-preview:large, max-video-preview:-1\" \/>\n<link rel=\"canonical\" href=\"https:\/\/foodobox.com\/ro\/pentru-afaceri\/\" \/>\n<meta property=\"og:locale\" content=\"ro_RO\" \/>\n<meta property=\"og:type\" content=\"article\" \/>\n<meta property=\"og:title\" content=\"Pentru Afaceri - FoodObox\" \/>\n<meta property=\"og:description\" content=\"\u00ceNREGISTREAZ\u0102 AFACEREA M\u0103re\u0219te veniturile \u00ceNREGISTREAZ\u0102 AFACEREA Atrage\u021bi clien\u021bi noi &#8222;Ob\u021bine\u021bi acces la o re\u021bea de 60.000 de poten\u021biali clien\u021bi dornici s\u0103 descopere magazinul dvs. Cu fiecare cutie salvat\u0103, clien\u021bii vin personal la magazinul dvs. F\u0103r\u0103 livrare. Prelua\u021bi controlul asupra surplusului alimentar Sunte\u021bi liber s\u0103 decide\u021bi c\u00e2te cutii de alimente dori\u021bi s\u0103 oferi\u021bi \u00een fiecare zi, [&hellip;]\" \/>\n<meta property=\"og:url\" content=\"https:\/\/foodobox.com\/ro\/pentru-afaceri\/\" \/>\n<meta property=\"og:site_name\" content=\"FoodObox\" \/>\n<meta property=\"article:modified_time\" content=\"2023-08-25T08:42:22+00:00\" \/>\n<meta property=\"og:image\" content=\"https:\/\/foodobox.com\/wp-content\/uploads\/2022\/11\/2__1_-removebg-preview.webp\" \/>\n<meta name=\"twitter:card\" content=\"summary_large_image\" \/>\n<meta name=\"twitter:label1\" content=\"Timp estimat pentru citire\" \/>\n\t<meta name=\"twitter:data1\" content=\"2 minute\" \/>\n<script type=\"application\/ld+json\" class=\"yoast-schema-graph\">{\"@context\":\"https:\/\/schema.org\",\"@graph\":[{\"@type\":\"WebPage\",\"@id\":\"https:\/\/foodobox.com\/ro\/pentru-afaceri\/\",\"url\":\"https:\/\/foodobox.com\/ro\/pentru-afaceri\/\",\"name\":\"Pentru Afaceri - FoodObox\",\"isPartOf\":{\"@id\":\"https:\/\/new.foodobox.com\/ro\/#website\"},\"datePublished\":\"2022-11-16T16:07:44+00:00\",\"dateModified\":\"2023-08-25T08:42:22+00:00\",\"breadcrumb\":{\"@id\":\"https:\/\/foodobox.com\/ro\/pentru-afaceri\/#breadcrumb\"},\"inLanguage\":\"ro-RO\",\"potentialAction\":[{\"@type\":\"ReadAction\",\"target\":[\"https:\/\/foodobox.com\/ro\/pentru-afaceri\/\"]}]},{\"@type\":\"BreadcrumbList\",\"@id\":\"https:\/\/foodobox.com\/ro\/pentru-afaceri\/#breadcrumb\",\"itemListElement\":[{\"@type\":\"ListItem\",\"position\":1,\"name\":\"Home\",\"item\":\"https:\/\/foodobox.com\/ro\/\"},{\"@type\":\"ListItem\",\"position\":2,\"name\":\"Pentru Afaceri\"}]},{\"@type\":\"WebSite\",\"@id\":\"https:\/\/new.foodobox.com\/ro\/#website\",\"url\":\"https:\/\/new.foodobox.com\/ro\/\",\"name\":\"FoodObox\",\"description\":\"App that Saves Food\",\"publisher\":{\"@id\":\"https:\/\/new.foodobox.com\/ro\/#organization\"},\"potentialAction\":[{\"@type\":\"SearchAction\",\"target\":{\"@type\":\"EntryPoint\",\"urlTemplate\":\"https:\/\/new.foodobox.com\/ro\/?s={search_term_string}\"},\"query-input\":\"required name=search_term_string\"}],\"inLanguage\":\"ro-RO\"},{\"@type\":\"Organization\",\"@id\":\"https:\/\/new.foodobox.com\/ro\/#organization\",\"name\":\"FoodObox\",\"url\":\"https:\/\/new.foodobox.com\/ro\/\",\"logo\":{\"@type\":\"ImageObject\",\"inLanguage\":\"ro-RO\",\"@id\":\"https:\/\/new.foodobox.com\/ro\/#\/schema\/logo\/image\/\",\"url\":\"https:\/\/foodobox.com\/wp-content\/uploads\/2022\/11\/foodObox-primary-1-1-e1653648785529.png\",\"contentUrl\":\"https:\/\/foodobox.com\/wp-content\/uploads\/2022\/11\/foodObox-primary-1-1-e1653648785529.png\",\"width\":150,\"height\":54,\"caption\":\"FoodObox\"},\"image\":{\"@id\":\"https:\/\/new.foodobox.com\/ro\/#\/schema\/logo\/image\/\"}}]}<\/script>\n<!-- \/ Yoast SEO plugin. -->","yoast_head_json":{"title":"Pentru Afaceri - FoodObox","robots":{"index":"index","follow":"follow","max-snippet":"max-snippet:-1","max-image-preview":"max-image-preview:large","max-video-preview":"max-video-preview:-1"},"canonical":"https:\/\/foodobox.com\/ro\/pentru-afaceri\/","og_locale":"ro_RO","og_type":"article","og_title":"Pentru Afaceri - FoodObox","og_description":"\u00ceNREGISTREAZ\u0102 AFACEREA M\u0103re\u0219te veniturile \u00ceNREGISTREAZ\u0102 AFACEREA Atrage\u021bi clien\u021bi noi &#8222;Ob\u021bine\u021bi acces la o re\u021bea de 60.000 de poten\u021biali clien\u021bi dornici s\u0103 descopere magazinul dvs. Cu fiecare cutie salvat\u0103, clien\u021bii vin personal la magazinul dvs. F\u0103r\u0103 livrare. Prelua\u021bi controlul asupra surplusului alimentar Sunte\u021bi liber s\u0103 decide\u021bi c\u00e2te cutii de alimente dori\u021bi s\u0103 oferi\u021bi \u00een fiecare zi, [&hellip;]","og_url":"https:\/\/foodobox.com\/ro\/pentru-afaceri\/","og_site_name":"FoodObox","article_modified_time":"2023-08-25T08:42:22+00:00","og_image":[{"url":"https:\/\/foodobox.com\/wp-content\/uploads\/2022\/11\/2__1_-removebg-preview.webp"}],"twitter_card":"summary_large_image","twitter_misc":{"Timp estimat pentru citire":"2 minute"},"schema":{"@context":"https:\/\/schema.org","@graph":[{"@type":"WebPage","@id":"https:\/\/foodobox.com\/ro\/pentru-afaceri\/","url":"https:\/\/foodobox.com\/ro\/pentru-afaceri\/","name":"Pentru Afaceri - FoodObox","isPartOf":{"@id":"https:\/\/new.foodobox.com\/ro\/#website"},"datePublished":"2022-11-16T16:07:44+00:00","dateModified":"2023-08-25T08:42:22+00:00","breadcrumb":{"@id":"https:\/\/foodobox.com\/ro\/pentru-afaceri\/#breadcrumb"},"inLanguage":"ro-RO","potentialAction":[{"@type":"ReadAction","target":["https:\/\/foodobox.com\/ro\/pentru-afaceri\/"]}]},{"@type":"BreadcrumbList","@id":"https:\/\/foodobox.com\/ro\/pentru-afaceri\/#breadcrumb","itemListElement":[{"@type":"ListItem","position":1,"name":"Home","item":"https:\/\/foodobox.com\/ro\/"},{"@type":"ListItem","position":2,"name":"Pentru Afaceri"}]},{"@type":"WebSite","@id":"https:\/\/new.foodobox.com\/ro\/#website","url":"https:\/\/new.foodobox.com\/ro\/","name":"FoodObox","description":"App that Saves Food","publisher":{"@id":"https:\/\/new.foodobox.com\/ro\/#organization"},"potentialAction":[{"@type":"SearchAction","target":{"@type":"EntryPoint","urlTemplate":"https:\/\/new.foodobox.com\/ro\/?s={search_term_string}"},"query-input":"required name=search_term_string"}],"inLanguage":"ro-RO"},{"@type":"Organization","@id":"https:\/\/new.foodobox.com\/ro\/#organization","name":"FoodObox","url":"https:\/\/new.foodobox.com\/ro\/","logo":{"@type":"ImageObject","inLanguage":"ro-RO","@id":"https:\/\/new.foodobox.com\/ro\/#\/schema\/logo\/image\/","url":"https:\/\/foodobox.com\/wp-content\/uploads\/2022\/11\/foodObox-primary-1-1-e1653648785529.png","contentUrl":"https:\/\/foodobox.com\/wp-content\/uploads\/2022\/11\/foodObox-primary-1-1-e1653648785529.png","width":150,"height":54,"caption":"FoodObox"},"image":{"@id":"https:\/\/new.foodobox.com\/ro\/#\/schema\/logo\/image\/"}}]}},"_links":{"self":[{"href":"https:\/\/foodobox.com\/ro\/wp-json\/wp\/v2\/pages\/375","targetHints":{"allow":["GET"]}}],"collection":[{"href":"https:\/\/foodobox.com\/ro\/wp-json\/wp\/v2\/pages"}],"about":[{"href":"https:\/\/foodobox.com\/ro\/wp-json\/wp\/v2\/types\/page"}],"author":[{"embeddable":true,"href":"https:\/\/foodobox.com\/ro\/wp-json\/wp\/v2\/users\/1"}],"replies":[{"embeddable":true,"href":"https:\/\/foodobox.com\/ro\/wp-json\/wp\/v2\/comments?post=375"}],"version-history":[{"count":43,"href":"https:\/\/foodobox.com\/ro\/wp-json\/wp\/v2\/pages\/375\/revisions"}],"predecessor-version":[{"id":3953,"href":"https:\/\/foodobox.com\/ro\/wp-json\/wp\/v2\/pages\/375\/revisions\/3953"}],"wp:attachment":[{"href":"https:\/\/foodobox.com\/ro\/wp-json\/wp\/v2\/media?parent=375"}],"curies":[{"name":"wp","href":"https:\/\/api.w.org\/{rel}","templated":true}]}}