{"id":932,"date":"2022-11-29T13:35:16","date_gmt":"2022-11-29T13:35:16","guid":{"rendered":"https:\/\/foodobox.com\/intrebari-frecvente-partneri\/"},"modified":"2023-01-12T18:54:08","modified_gmt":"2023-01-12T18:54:08","slug":"intrebari-frecvente-parteneri","status":"publish","type":"page","link":"https:\/\/foodobox.com\/ro\/intrebari-frecvente-parteneri\/","title":{"rendered":"\u00centreb\u0103ri Frecvente Parteneri"},"content":{"rendered":"\t\t<div data-elementor-type=\"wp-page\" data-elementor-id=\"932\" class=\"elementor elementor-932 elementor-209\">\n\t\t\t\t\t\t\t\t\t<section class=\"elementor-section elementor-top-section elementor-element elementor-element-f82c8d1 elementor-section-boxed elementor-section-height-default elementor-section-height-default\" data-id=\"f82c8d1\" data-element_type=\"section\">\n\t\t\t\t\t\t<div class=\"elementor-container elementor-column-gap-default\">\n\t\t\t\t\t<div class=\"elementor-column elementor-col-100 elementor-top-column elementor-element elementor-element-e919b43\" data-id=\"e919b43\" data-element_type=\"column\">\n\t\t\t<div class=\"elementor-widget-wrap elementor-element-populated\">\n\t\t\t\t\t\t\t\t<div class=\"elementor-element elementor-element-f32817c elementor-widget elementor-widget-heading\" data-id=\"f32817c\" data-element_type=\"widget\" data-widget_type=\"heading.default\">\n\t\t\t\t<div class=\"elementor-widget-container\">\n\t\t\t<style>\/*! elementor - v3.12.1 - 02-04-2023 *\/\n.elementor-heading-title{padding:0;margin:0;line-height:1}.elementor-widget-heading .elementor-heading-title[class*=elementor-size-]>a{color:inherit;font-size:inherit;line-height:inherit}.elementor-widget-heading .elementor-heading-title.elementor-size-small{font-size:15px}.elementor-widget-heading .elementor-heading-title.elementor-size-medium{font-size:19px}.elementor-widget-heading .elementor-heading-title.elementor-size-large{font-size:29px}.elementor-widget-heading .elementor-heading-title.elementor-size-xl{font-size:39px}.elementor-widget-heading .elementor-heading-title.elementor-size-xxl{font-size:59px}<\/style><h1 class=\"elementor-heading-title elementor-size-default\">\u00centreb\u0103ri frecvente pentru Parteneri<\/h1>\t\t<\/div>\n\t\t\t\t<\/div>\n\t\t\t\t<div class=\"elementor-element elementor-element-46b4a4b elementor-widget elementor-widget-toggle\" data-id=\"46b4a4b\" data-element_type=\"widget\" data-widget_type=\"toggle.default\">\n\t\t\t\t<div class=\"elementor-widget-container\">\n\t\t\t<style>\/*! elementor - v3.12.1 - 02-04-2023 *\/\n.elementor-toggle{text-align:left}.elementor-toggle .elementor-tab-title{font-weight:700;line-height:1;margin:0;padding:15px;border-bottom:1px solid #d5d8dc;cursor:pointer;outline:none}.elementor-toggle .elementor-tab-title .elementor-toggle-icon{display:inline-block;width:1em}.elementor-toggle .elementor-tab-title .elementor-toggle-icon svg{-webkit-margin-start:-5px;margin-inline-start:-5px;width:1em;height:1em}.elementor-toggle .elementor-tab-title .elementor-toggle-icon.elementor-toggle-icon-right{float:right;text-align:right}.elementor-toggle .elementor-tab-title .elementor-toggle-icon.elementor-toggle-icon-left{float:left;text-align:left}.elementor-toggle .elementor-tab-title .elementor-toggle-icon .elementor-toggle-icon-closed{display:block}.elementor-toggle .elementor-tab-title .elementor-toggle-icon .elementor-toggle-icon-opened{display:none}.elementor-toggle .elementor-tab-title.elementor-active{border-bottom:none}.elementor-toggle .elementor-tab-title.elementor-active .elementor-toggle-icon-closed{display:none}.elementor-toggle .elementor-tab-title.elementor-active .elementor-toggle-icon-opened{display:block}.elementor-toggle .elementor-tab-content{padding:15px;border-bottom:1px solid #d5d8dc;display:none}@media (max-width:767px){.elementor-toggle .elementor-tab-title{padding:12px}.elementor-toggle .elementor-tab-content{padding:12px 10px}}.e-con-inner>.elementor-widget-toggle,.e-con>.elementor-widget-toggle{width:var(--container-widget-width);--flex-grow:var(--container-widget-flex-grow)}<\/style>\t\t<div class=\"elementor-toggle\" role=\"tablist\">\n\t\t\t\t\t\t\t<div class=\"elementor-toggle-item\">\n\t\t\t\t\t<h3 id=\"elementor-tab-title-7411\" class=\"elementor-tab-title\" data-tab=\"1\" role=\"tab\" aria-controls=\"elementor-tab-content-7411\" aria-expanded=\"false\">\n\t\t\t\t\t\t\t\t\t\t\t\t<span class=\"elementor-toggle-icon elementor-toggle-icon-left\" aria-hidden=\"true\">\n\t\t\t\t\t\t\t\t\t\t\t\t\t\t\t<span class=\"elementor-toggle-icon-closed\"><i class=\"fas fa-caret-right\"><\/i><\/span>\n\t\t\t\t\t\t\t\t<span class=\"elementor-toggle-icon-opened\"><i class=\"elementor-toggle-icon-opened fas fa-caret-up\"><\/i><\/span>\n\t\t\t\t\t\t\t\t\t\t\t\t\t<\/span>\n\t\t\t\t\t\t\t\t\t\t\t\t<a href=\"\" class=\"elementor-toggle-title\">Cum pot \u00eencepe s\u0103 v\u00e2nd prin aplica\u021bia FoodObox?<\/a>\n\t\t\t\t\t<\/h3>\n\n\t\t\t\t\t<div id=\"elementor-tab-content-7411\" class=\"elementor-tab-content elementor-clearfix\" data-tab=\"1\" role=\"tabpanel\" aria-labelledby=\"elementor-tab-title-7411\"><p>U\u015for! Trebuie s\u0103 v\u0103 \u00eenregistra\u021bi compania f\u0103c\u00e2nd clic pe butonul \u201e<span style=\"text-decoration: underline;\"><a href=\"https:\/\/apiv1.foodobox.com\/dashboard\/#\/register?lang=ro\">\u00cenregistra\u021bi-v\u0103 afacerea<\/a><\/span>\u201d. Dup\u0103 finalizarea \u00eenregistr\u0103rii, un reprezentant al echipei noastre v\u0103 va contacta pentru a v\u0103 ajuta cu primii pa\u0219i.<\/p><\/div>\n\t\t\t\t<\/div>\n\t\t\t\t\t\t\t<div class=\"elementor-toggle-item\">\n\t\t\t\t\t<h3 id=\"elementor-tab-title-7412\" class=\"elementor-tab-title\" data-tab=\"2\" role=\"tab\" aria-controls=\"elementor-tab-content-7412\" aria-expanded=\"false\">\n\t\t\t\t\t\t\t\t\t\t\t\t<span class=\"elementor-toggle-icon elementor-toggle-icon-left\" aria-hidden=\"true\">\n\t\t\t\t\t\t\t\t\t\t\t\t\t\t\t<span class=\"elementor-toggle-icon-closed\"><i class=\"fas fa-caret-right\"><\/i><\/span>\n\t\t\t\t\t\t\t\t<span class=\"elementor-toggle-icon-opened\"><i class=\"elementor-toggle-icon-opened fas fa-caret-up\"><\/i><\/span>\n\t\t\t\t\t\t\t\t\t\t\t\t\t<\/span>\n\t\t\t\t\t\t\t\t\t\t\t\t<a href=\"\" class=\"elementor-toggle-title\">De ce se nume\u0219te \u201ecutie surpriz\u0103\u201d?<\/a>\n\t\t\t\t\t<\/h3>\n\n\t\t\t\t\t<div id=\"elementor-tab-content-7412\" class=\"elementor-tab-content elementor-clearfix\" data-tab=\"2\" role=\"tabpanel\" aria-labelledby=\"elementor-tab-title-7412\"><p>Se nume\u0219te cutie surpriz\u0103 deoarece nu se poate prevedea ce produse \u0219i alimente vor r\u0103m\u00e2ne \u00een exces. Clientul este con\u0219tient de faptul c\u0103 prime\u0219te o cutie de alimente recuperate care este un amestec de diferite articole.<\/p><\/div>\n\t\t\t\t<\/div>\n\t\t\t\t\t\t\t<div class=\"elementor-toggle-item\">\n\t\t\t\t\t<h3 id=\"elementor-tab-title-7413\" class=\"elementor-tab-title\" data-tab=\"3\" role=\"tab\" aria-controls=\"elementor-tab-content-7413\" aria-expanded=\"false\">\n\t\t\t\t\t\t\t\t\t\t\t\t<span class=\"elementor-toggle-icon elementor-toggle-icon-left\" aria-hidden=\"true\">\n\t\t\t\t\t\t\t\t\t\t\t\t\t\t\t<span class=\"elementor-toggle-icon-closed\"><i class=\"fas fa-caret-right\"><\/i><\/span>\n\t\t\t\t\t\t\t\t<span class=\"elementor-toggle-icon-opened\"><i class=\"elementor-toggle-icon-opened fas fa-caret-up\"><\/i><\/span>\n\t\t\t\t\t\t\t\t\t\t\t\t\t<\/span>\n\t\t\t\t\t\t\t\t\t\t\t\t<a href=\"\" class=\"elementor-toggle-title\">Ce pot pune \u00een cutiile surpriz\u0103?<\/a>\n\t\t\t\t\t<\/h3>\n\n\t\t\t\t\t<div id=\"elementor-tab-content-7413\" class=\"elementor-tab-content elementor-clearfix\" data-tab=\"3\" role=\"tabpanel\" aria-labelledby=\"elementor-tab-title-7413\"><p>\u00cen cutia surpriz\u0103 pe care o ve\u021bi oferi clien\u021bilor de pe platform\u0103 poate fi orice m\u00e2ncare, care la momentul v\u00e2nz\u0103rii nu este de calitate degradat\u0103 sau expirat\u0103. Pute\u021bi vinde alimente \u0219i b\u0103uturi g\u0103tite sau ambalate, fructe \u0219i legume, produse cu ambalaj spart sau cele \u00een form\u0103 necomercial\u0103.<\/p><\/div>\n\t\t\t\t<\/div>\n\t\t\t\t\t\t\t<div class=\"elementor-toggle-item\">\n\t\t\t\t\t<h3 id=\"elementor-tab-title-7414\" class=\"elementor-tab-title\" data-tab=\"4\" role=\"tab\" aria-controls=\"elementor-tab-content-7414\" aria-expanded=\"false\">\n\t\t\t\t\t\t\t\t\t\t\t\t<span class=\"elementor-toggle-icon elementor-toggle-icon-left\" aria-hidden=\"true\">\n\t\t\t\t\t\t\t\t\t\t\t\t\t\t\t<span class=\"elementor-toggle-icon-closed\"><i class=\"fas fa-caret-right\"><\/i><\/span>\n\t\t\t\t\t\t\t\t<span class=\"elementor-toggle-icon-opened\"><i class=\"elementor-toggle-icon-opened fas fa-caret-up\"><\/i><\/span>\n\t\t\t\t\t\t\t\t\t\t\t\t\t<\/span>\n\t\t\t\t\t\t\t\t\t\t\t\t<a href=\"\" class=\"elementor-toggle-title\">Ce nu pot pune \u00een cutie?<\/a>\n\t\t\t\t\t<\/h3>\n\n\t\t\t\t\t<div id=\"elementor-tab-content-7414\" class=\"elementor-tab-content elementor-clearfix\" data-tab=\"4\" role=\"tabpanel\" aria-labelledby=\"elementor-tab-title-7414\"><p>Orice tip de alimente \u0219i b\u0103uturi improprii pentru consum, expirate, deschise, muceg\u0103ite etc.<\/p><\/div>\n\t\t\t\t<\/div>\n\t\t\t\t\t\t\t<div class=\"elementor-toggle-item\">\n\t\t\t\t\t<h3 id=\"elementor-tab-title-7415\" class=\"elementor-tab-title\" data-tab=\"5\" role=\"tab\" aria-controls=\"elementor-tab-content-7415\" aria-expanded=\"false\">\n\t\t\t\t\t\t\t\t\t\t\t\t<span class=\"elementor-toggle-icon elementor-toggle-icon-left\" aria-hidden=\"true\">\n\t\t\t\t\t\t\t\t\t\t\t\t\t\t\t<span class=\"elementor-toggle-icon-closed\"><i class=\"fas fa-caret-right\"><\/i><\/span>\n\t\t\t\t\t\t\t\t<span class=\"elementor-toggle-icon-opened\"><i class=\"elementor-toggle-icon-opened fas fa-caret-up\"><\/i><\/span>\n\t\t\t\t\t\t\t\t\t\t\t\t\t<\/span>\n\t\t\t\t\t\t\t\t\t\t\t\t<a href=\"\" class=\"elementor-toggle-title\">Cum \u00eemi pot gestiona contul FoodObox \u0219i s\u0103 fac modific\u0103ri?<\/a>\n\t\t\t\t\t<\/h3>\n\n\t\t\t\t\t<div id=\"elementor-tab-content-7415\" class=\"elementor-tab-content elementor-clearfix\" data-tab=\"5\" role=\"tabpanel\" aria-labelledby=\"elementor-tab-title-7415\"><p>V\u0103 pute\u021bi gestiona contul u\u0219or \u0219i convenabil prin Panoul de administrare. Acolo pute\u021bi introduce \u0219i ajusta intervalul de timp, disponibilitatea \u0219i urm\u0103ri\u021bi comenzile c\u0103tre site \u00een timp real. Dac\u0103 ave\u021bi nevoie de mai multe informa\u021bii, pute\u021bi contacta reprezentantul nostru.<\/p><\/div>\n\t\t\t\t<\/div>\n\t\t\t\t\t\t\t<div class=\"elementor-toggle-item\">\n\t\t\t\t\t<h3 id=\"elementor-tab-title-7416\" class=\"elementor-tab-title\" data-tab=\"6\" role=\"tab\" aria-controls=\"elementor-tab-content-7416\" aria-expanded=\"false\">\n\t\t\t\t\t\t\t\t\t\t\t\t<span class=\"elementor-toggle-icon elementor-toggle-icon-left\" aria-hidden=\"true\">\n\t\t\t\t\t\t\t\t\t\t\t\t\t\t\t<span class=\"elementor-toggle-icon-closed\"><i class=\"fas fa-caret-right\"><\/i><\/span>\n\t\t\t\t\t\t\t\t<span class=\"elementor-toggle-icon-opened\"><i class=\"elementor-toggle-icon-opened fas fa-caret-up\"><\/i><\/span>\n\t\t\t\t\t\t\t\t\t\t\t\t\t<\/span>\n\t\t\t\t\t\t\t\t\t\t\t\t<a href=\"\" class=\"elementor-toggle-title\">Cum \u00ee\u0219i pl\u0103te\u0219te clientul \u201ecutia surpriz\u0103\u201d?<\/a>\n\t\t\t\t\t<\/h3>\n\n\t\t\t\t\t<div id=\"elementor-tab-content-7416\" class=\"elementor-tab-content elementor-clearfix\" data-tab=\"6\" role=\"tabpanel\" aria-labelledby=\"elementor-tab-title-7416\"><p>Clientul \u00ee\u0219i pl\u0103te\u0219te \u201ecutia surpriz\u0103\u201d la local la confirmarea \u0219i ridicarea comenzii sale.<\/p><\/div>\n\t\t\t\t<\/div>\n\t\t\t\t\t\t\t<div class=\"elementor-toggle-item\">\n\t\t\t\t\t<h3 id=\"elementor-tab-title-7417\" class=\"elementor-tab-title\" data-tab=\"7\" role=\"tab\" aria-controls=\"elementor-tab-content-7417\" aria-expanded=\"false\">\n\t\t\t\t\t\t\t\t\t\t\t\t<span class=\"elementor-toggle-icon elementor-toggle-icon-left\" aria-hidden=\"true\">\n\t\t\t\t\t\t\t\t\t\t\t\t\t\t\t<span class=\"elementor-toggle-icon-closed\"><i class=\"fas fa-caret-right\"><\/i><\/span>\n\t\t\t\t\t\t\t\t<span class=\"elementor-toggle-icon-opened\"><i class=\"elementor-toggle-icon-opened fas fa-caret-up\"><\/i><\/span>\n\t\t\t\t\t\t\t\t\t\t\t\t\t<\/span>\n\t\t\t\t\t\t\t\t\t\t\t\t<a href=\"\" class=\"elementor-toggle-title\">Cum \u00ee\u0219i prime\u0219te clientul cutia?<\/a>\n\t\t\t\t\t<\/h3>\n\n\t\t\t\t\t<div id=\"elementor-tab-content-7417\" class=\"elementor-tab-content elementor-clearfix\" data-tab=\"7\" role=\"tabpanel\" aria-labelledby=\"elementor-tab-title-7417\"><p>Dup\u0103 salvarea cutiei surpriz\u0103 pe care o oferi\u021bi prin aplica\u021bia mobil\u0103, clientul o va ridica de la loca\u021bia din fereastra de ridicare pe care a\u021bi stabilit-o \u00een prealabil. Plata se face in momentul preluarii comenzii.<\/p><\/div>\n\t\t\t\t<\/div>\n\t\t\t\t\t\t\t\t\t\t<script type=\"application\/ld+json\">{\"@context\":\"https:\\\/\\\/schema.org\",\"@type\":\"FAQPage\",\"mainEntity\":[{\"@type\":\"Question\",\"name\":\"Cum pot \\u00eencepe s\\u0103 v\\u00e2nd prin aplica\\u021bia FoodObox?\",\"acceptedAnswer\":{\"@type\":\"Answer\",\"text\":\"<p>U\\u015for! Trebuie s\\u0103 v\\u0103 \\u00eenregistra\\u021bi compania f\\u0103c\\u00e2nd clic pe butonul \\u201e<span style=\\\"text-decoration: underline;\\\"><a href=\\\"https:\\\/\\\/apiv1.foodobox.com\\\/dashboard\\\/#\\\/register?lang=ro\\\">\\u00cenregistra\\u021bi-v\\u0103 afacerea<\\\/a><\\\/span>\\u201d. Dup\\u0103 finalizarea \\u00eenregistr\\u0103rii, un reprezentant al echipei noastre v\\u0103 va contacta pentru a v\\u0103 ajuta cu primii pa\\u0219i.<\\\/p>\"}},{\"@type\":\"Question\",\"name\":\"De ce se nume\\u0219te \\u201ecutie surpriz\\u0103\\u201d?\",\"acceptedAnswer\":{\"@type\":\"Answer\",\"text\":\"<p>Se nume\\u0219te cutie surpriz\\u0103 deoarece nu se poate prevedea ce produse \\u0219i alimente vor r\\u0103m\\u00e2ne \\u00een exces. Clientul este con\\u0219tient de faptul c\\u0103 prime\\u0219te o cutie de alimente recuperate care este un amestec de diferite articole.<\\\/p>\"}},{\"@type\":\"Question\",\"name\":\"Ce pot pune \\u00een cutiile surpriz\\u0103?\",\"acceptedAnswer\":{\"@type\":\"Answer\",\"text\":\"<p>\\u00cen cutia surpriz\\u0103 pe care o ve\\u021bi oferi clien\\u021bilor de pe platform\\u0103 poate fi orice m\\u00e2ncare, care la momentul v\\u00e2nz\\u0103rii nu este de calitate degradat\\u0103 sau expirat\\u0103. Pute\\u021bi vinde alimente \\u0219i b\\u0103uturi g\\u0103tite sau ambalate, fructe \\u0219i legume, produse cu ambalaj spart sau cele \\u00een form\\u0103 necomercial\\u0103.<\\\/p>\"}},{\"@type\":\"Question\",\"name\":\"Ce nu pot pune \\u00een cutie?\",\"acceptedAnswer\":{\"@type\":\"Answer\",\"text\":\"<p>Orice tip de alimente \\u0219i b\\u0103uturi improprii pentru consum, expirate, deschise, muceg\\u0103ite etc.<\\\/p>\"}},{\"@type\":\"Question\",\"name\":\"Cum \\u00eemi pot gestiona contul FoodObox \\u0219i s\\u0103 fac modific\\u0103ri?\",\"acceptedAnswer\":{\"@type\":\"Answer\",\"text\":\"<p>V\\u0103 pute\\u021bi gestiona contul u\\u0219or \\u0219i convenabil prin Panoul de administrare. Acolo pute\\u021bi introduce \\u0219i ajusta intervalul de timp, disponibilitatea \\u0219i urm\\u0103ri\\u021bi comenzile c\\u0103tre site \\u00een timp real. Dac\\u0103 ave\\u021bi nevoie de mai multe informa\\u021bii, pute\\u021bi contacta reprezentantul nostru.<\\\/p>\"}},{\"@type\":\"Question\",\"name\":\"Cum \\u00ee\\u0219i pl\\u0103te\\u0219te clientul \\u201ecutia surpriz\\u0103\\u201d?\",\"acceptedAnswer\":{\"@type\":\"Answer\",\"text\":\"<p>Clientul \\u00ee\\u0219i pl\\u0103te\\u0219te \\u201ecutia surpriz\\u0103\\u201d la local la confirmarea \\u0219i ridicarea comenzii sale.<\\\/p>\"}},{\"@type\":\"Question\",\"name\":\"Cum \\u00ee\\u0219i prime\\u0219te clientul cutia?\",\"acceptedAnswer\":{\"@type\":\"Answer\",\"text\":\"<p>Dup\\u0103 salvarea cutiei surpriz\\u0103 pe care o oferi\\u021bi prin aplica\\u021bia mobil\\u0103, clientul o va ridica de la loca\\u021bia din fereastra de ridicare pe care a\\u021bi stabilit-o \\u00een prealabil. Plata se face in momentul preluarii comenzii.<\\\/p>\"}}]}<\/script>\n\t\t\t\t\t<\/div>\n\t\t\t\t<\/div>\n\t\t\t\t<\/div>\n\t\t\t\t\t<\/div>\n\t\t<\/div>\n\t\t\t\t\t\t\t<\/div>\n\t\t<\/section>\n\t\t\t\t<section class=\"elementor-section elementor-top-section elementor-element elementor-element-94b812c elementor-section-boxed elementor-section-height-default elementor-section-height-default\" data-id=\"94b812c\" data-element_type=\"section\">\n\t\t\t\t\t\t<div class=\"elementor-container elementor-column-gap-default\">\n\t\t\t\t\t<div class=\"elementor-column elementor-col-100 elementor-top-column elementor-element elementor-element-be13244\" data-id=\"be13244\" data-element_type=\"column\">\n\t\t\t<div class=\"elementor-widget-wrap elementor-element-populated\">\n\t\t\t\t\t\t\t\t<div class=\"elementor-element elementor-element-9af56b6 elementor-widget elementor-widget-heading\" data-id=\"9af56b6\" data-element_type=\"widget\" data-widget_type=\"heading.default\">\n\t\t\t\t<div class=\"elementor-widget-container\">\n\t\t\t<h2 class=\"elementor-heading-title elementor-size-default\">Dac\u0103 nu g\u0103si\u021bi r\u0103spunsul la \u00eentrebarea dvs. aici, ne pute\u021bi contacta<\/h2>\t\t<\/div>\n\t\t\t\t<\/div>\n\t\t\t\t<div class=\"elementor-element elementor-element-d46b1be elementor-align-center elementor-widget elementor-widget-button\" data-id=\"d46b1be\" data-element_type=\"widget\" data-widget_type=\"button.default\">\n\t\t\t\t<div class=\"elementor-widget-container\">\n\t\t\t\t\t<div class=\"elementor-button-wrapper\">\n\t\t\t<a href=\"\/ro\/contact\/\" class=\"elementor-button-link elementor-button elementor-size-md\" role=\"button\">\n\t\t\t\t\t\t<span class=\"elementor-button-content-wrapper\">\n\t\t\t\t\t\t\t<span class=\"elementor-button-icon elementor-align-icon-left\">\n\t\t\t\t<i aria-hidden=\"true\" class=\"fas fa-envelope\"><\/i>\t\t\t<\/span>\n\t\t\t\t\t\t<span class=\"elementor-button-text\">CONTACTEAZ\u0102-NE<\/span>\n\t\t<\/span>\n\t\t\t\t\t<\/a>\n\t\t<\/div>\n\t\t\t\t<\/div>\n\t\t\t\t<\/div>\n\t\t\t\t\t<\/div>\n\t\t<\/div>\n\t\t\t\t\t\t\t<\/div>\n\t\t<\/section>\n\t\t\t\t\t\t\t<\/div>\n\t\t","protected":false},"excerpt":{"rendered":"<p>\u00centreb\u0103ri frecvente pentru Parteneri Cum pot \u00eencepe s\u0103 v\u00e2nd prin aplica\u021bia FoodObox? U\u015for! Trebuie s\u0103 v\u0103 \u00eenregistra\u021bi compania f\u0103c\u00e2nd clic pe butonul \u201e\u00cenregistra\u021bi-v\u0103 afacerea\u201d. Dup\u0103 finalizarea \u00eenregistr\u0103rii, un reprezentant al echipei noastre v\u0103 va contacta pentru a v\u0103 ajuta cu primii pa\u0219i. De ce se nume\u0219te \u201ecutie surpriz\u0103\u201d? Se nume\u0219te cutie surpriz\u0103 deoarece nu se [&hellip;]<\/p>\n","protected":false},"author":1,"featured_media":0,"parent":0,"menu_order":0,"comment_status":"closed","ping_status":"closed","template":"","meta":{"content-type":"","footnotes":""},"class_list":["post-932","page","type-page","status-publish","hentry"],"acf":[],"yoast_head":"<!-- This site is optimized with the Yoast SEO plugin v19.14 - https:\/\/yoast.com\/wordpress\/plugins\/seo\/ -->\n<title>\u00centreb\u0103ri Frecvente Parteneri - FoodObox<\/title>\n<meta name=\"robots\" content=\"index, follow, max-snippet:-1, max-image-preview:large, max-video-preview:-1\" \/>\n<link rel=\"canonical\" href=\"https:\/\/foodobox.com\/ro\/intrebari-frecvente-parteneri\/\" \/>\n<meta property=\"og:locale\" content=\"ro_RO\" \/>\n<meta property=\"og:type\" content=\"article\" \/>\n<meta property=\"og:title\" content=\"\u00centreb\u0103ri Frecvente Parteneri - FoodObox\" \/>\n<meta property=\"og:description\" content=\"\u00centreb\u0103ri frecvente pentru Parteneri Cum pot \u00eencepe s\u0103 v\u00e2nd prin aplica\u021bia FoodObox? U\u015for! Trebuie s\u0103 v\u0103 \u00eenregistra\u021bi compania f\u0103c\u00e2nd clic pe butonul \u201e\u00cenregistra\u021bi-v\u0103 afacerea\u201d. Dup\u0103 finalizarea \u00eenregistr\u0103rii, un reprezentant al echipei noastre v\u0103 va contacta pentru a v\u0103 ajuta cu primii pa\u0219i. De ce se nume\u0219te \u201ecutie surpriz\u0103\u201d? Se nume\u0219te cutie surpriz\u0103 deoarece nu se [&hellip;]\" \/>\n<meta property=\"og:url\" content=\"https:\/\/foodobox.com\/ro\/intrebari-frecvente-parteneri\/\" \/>\n<meta property=\"og:site_name\" content=\"FoodObox\" \/>\n<meta property=\"article:modified_time\" content=\"2023-01-12T18:54:08+00:00\" \/>\n<meta name=\"twitter:card\" content=\"summary_large_image\" \/>\n<meta name=\"twitter:label1\" content=\"Timp estimat pentru citire\" \/>\n\t<meta name=\"twitter:data1\" content=\"2 minute\" \/>\n<script type=\"application\/ld+json\" class=\"yoast-schema-graph\">{\"@context\":\"https:\/\/schema.org\",\"@graph\":[{\"@type\":\"WebPage\",\"@id\":\"https:\/\/foodobox.com\/ro\/intrebari-frecvente-parteneri\/\",\"url\":\"https:\/\/foodobox.com\/ro\/intrebari-frecvente-parteneri\/\",\"name\":\"\u00centreb\u0103ri Frecvente Parteneri - FoodObox\",\"isPartOf\":{\"@id\":\"https:\/\/new.foodobox.com\/ro\/#website\"},\"datePublished\":\"2022-11-29T13:35:16+00:00\",\"dateModified\":\"2023-01-12T18:54:08+00:00\",\"breadcrumb\":{\"@id\":\"https:\/\/foodobox.com\/ro\/intrebari-frecvente-parteneri\/#breadcrumb\"},\"inLanguage\":\"ro-RO\",\"potentialAction\":[{\"@type\":\"ReadAction\",\"target\":[\"https:\/\/foodobox.com\/ro\/intrebari-frecvente-parteneri\/\"]}]},{\"@type\":\"BreadcrumbList\",\"@id\":\"https:\/\/foodobox.com\/ro\/intrebari-frecvente-parteneri\/#breadcrumb\",\"itemListElement\":[{\"@type\":\"ListItem\",\"position\":1,\"name\":\"Home\",\"item\":\"https:\/\/foodobox.com\/ro\/\"},{\"@type\":\"ListItem\",\"position\":2,\"name\":\"\u00centreb\u0103ri Frecvente Parteneri\"}]},{\"@type\":\"WebSite\",\"@id\":\"https:\/\/new.foodobox.com\/ro\/#website\",\"url\":\"https:\/\/new.foodobox.com\/ro\/\",\"name\":\"FoodObox\",\"description\":\"App that Saves Food\",\"publisher\":{\"@id\":\"https:\/\/new.foodobox.com\/ro\/#organization\"},\"potentialAction\":[{\"@type\":\"SearchAction\",\"target\":{\"@type\":\"EntryPoint\",\"urlTemplate\":\"https:\/\/new.foodobox.com\/ro\/?s={search_term_string}\"},\"query-input\":\"required name=search_term_string\"}],\"inLanguage\":\"ro-RO\"},{\"@type\":\"Organization\",\"@id\":\"https:\/\/new.foodobox.com\/ro\/#organization\",\"name\":\"FoodObox\",\"url\":\"https:\/\/new.foodobox.com\/ro\/\",\"logo\":{\"@type\":\"ImageObject\",\"inLanguage\":\"ro-RO\",\"@id\":\"https:\/\/new.foodobox.com\/ro\/#\/schema\/logo\/image\/\",\"url\":\"https:\/\/foodobox.com\/wp-content\/uploads\/2022\/11\/foodObox-primary-1-1-e1653648785529.png\",\"contentUrl\":\"https:\/\/foodobox.com\/wp-content\/uploads\/2022\/11\/foodObox-primary-1-1-e1653648785529.png\",\"width\":150,\"height\":54,\"caption\":\"FoodObox\"},\"image\":{\"@id\":\"https:\/\/new.foodobox.com\/ro\/#\/schema\/logo\/image\/\"}}]}<\/script>\n<!-- \/ Yoast SEO plugin. -->","yoast_head_json":{"title":"\u00centreb\u0103ri Frecvente Parteneri - FoodObox","robots":{"index":"index","follow":"follow","max-snippet":"max-snippet:-1","max-image-preview":"max-image-preview:large","max-video-preview":"max-video-preview:-1"},"canonical":"https:\/\/foodobox.com\/ro\/intrebari-frecvente-parteneri\/","og_locale":"ro_RO","og_type":"article","og_title":"\u00centreb\u0103ri Frecvente Parteneri - FoodObox","og_description":"\u00centreb\u0103ri frecvente pentru Parteneri Cum pot \u00eencepe s\u0103 v\u00e2nd prin aplica\u021bia FoodObox? U\u015for! Trebuie s\u0103 v\u0103 \u00eenregistra\u021bi compania f\u0103c\u00e2nd clic pe butonul \u201e\u00cenregistra\u021bi-v\u0103 afacerea\u201d. Dup\u0103 finalizarea \u00eenregistr\u0103rii, un reprezentant al echipei noastre v\u0103 va contacta pentru a v\u0103 ajuta cu primii pa\u0219i. De ce se nume\u0219te \u201ecutie surpriz\u0103\u201d? Se nume\u0219te cutie surpriz\u0103 deoarece nu se [&hellip;]","og_url":"https:\/\/foodobox.com\/ro\/intrebari-frecvente-parteneri\/","og_site_name":"FoodObox","article_modified_time":"2023-01-12T18:54:08+00:00","twitter_card":"summary_large_image","twitter_misc":{"Timp estimat pentru citire":"2 minute"},"schema":{"@context":"https:\/\/schema.org","@graph":[{"@type":"WebPage","@id":"https:\/\/foodobox.com\/ro\/intrebari-frecvente-parteneri\/","url":"https:\/\/foodobox.com\/ro\/intrebari-frecvente-parteneri\/","name":"\u00centreb\u0103ri Frecvente Parteneri - FoodObox","isPartOf":{"@id":"https:\/\/new.foodobox.com\/ro\/#website"},"datePublished":"2022-11-29T13:35:16+00:00","dateModified":"2023-01-12T18:54:08+00:00","breadcrumb":{"@id":"https:\/\/foodobox.com\/ro\/intrebari-frecvente-parteneri\/#breadcrumb"},"inLanguage":"ro-RO","potentialAction":[{"@type":"ReadAction","target":["https:\/\/foodobox.com\/ro\/intrebari-frecvente-parteneri\/"]}]},{"@type":"BreadcrumbList","@id":"https:\/\/foodobox.com\/ro\/intrebari-frecvente-parteneri\/#breadcrumb","itemListElement":[{"@type":"ListItem","position":1,"name":"Home","item":"https:\/\/foodobox.com\/ro\/"},{"@type":"ListItem","position":2,"name":"\u00centreb\u0103ri Frecvente Parteneri"}]},{"@type":"WebSite","@id":"https:\/\/new.foodobox.com\/ro\/#website","url":"https:\/\/new.foodobox.com\/ro\/","name":"FoodObox","description":"App that Saves Food","publisher":{"@id":"https:\/\/new.foodobox.com\/ro\/#organization"},"potentialAction":[{"@type":"SearchAction","target":{"@type":"EntryPoint","urlTemplate":"https:\/\/new.foodobox.com\/ro\/?s={search_term_string}"},"query-input":"required name=search_term_string"}],"inLanguage":"ro-RO"},{"@type":"Organization","@id":"https:\/\/new.foodobox.com\/ro\/#organization","name":"FoodObox","url":"https:\/\/new.foodobox.com\/ro\/","logo":{"@type":"ImageObject","inLanguage":"ro-RO","@id":"https:\/\/new.foodobox.com\/ro\/#\/schema\/logo\/image\/","url":"https:\/\/foodobox.com\/wp-content\/uploads\/2022\/11\/foodObox-primary-1-1-e1653648785529.png","contentUrl":"https:\/\/foodobox.com\/wp-content\/uploads\/2022\/11\/foodObox-primary-1-1-e1653648785529.png","width":150,"height":54,"caption":"FoodObox"},"image":{"@id":"https:\/\/new.foodobox.com\/ro\/#\/schema\/logo\/image\/"}}]}},"_links":{"self":[{"href":"https:\/\/foodobox.com\/ro\/wp-json\/wp\/v2\/pages\/932","targetHints":{"allow":["GET"]}}],"collection":[{"href":"https:\/\/foodobox.com\/ro\/wp-json\/wp\/v2\/pages"}],"about":[{"href":"https:\/\/foodobox.com\/ro\/wp-json\/wp\/v2\/types\/page"}],"author":[{"embeddable":true,"href":"https:\/\/foodobox.com\/ro\/wp-json\/wp\/v2\/users\/1"}],"replies":[{"embeddable":true,"href":"https:\/\/foodobox.com\/ro\/wp-json\/wp\/v2\/comments?post=932"}],"version-history":[{"count":7,"href":"https:\/\/foodobox.com\/ro\/wp-json\/wp\/v2\/pages\/932\/revisions"}],"predecessor-version":[{"id":1471,"href":"https:\/\/foodobox.com\/ro\/wp-json\/wp\/v2\/pages\/932\/revisions\/1471"}],"wp:attachment":[{"href":"https:\/\/foodobox.com\/ro\/wp-json\/wp\/v2\/media?parent=932"}],"curies":[{"name":"wp","href":"https:\/\/api.w.org\/{rel}","templated":true}]}}